{"id":3340,"date":"2025-09-05T12:03:59","date_gmt":"2025-09-05T10:03:59","guid":{"rendered":"https:\/\/wetune.art\/?page_id=3340"},"modified":"2025-09-05T12:24:14","modified_gmt":"2025-09-05T10:24:14","slug":"le-shegall","status":"publish","type":"page","link":"https:\/\/wetune.art\/en\/le-shegall\/","title":{"rendered":"Le Shegall"},"content":{"rendered":"<style>.elementor-3340 .elementor-element.elementor-element-5167fe9 img{width:100%;}.elementor-3340 .elementor-element.elementor-element-41c39b8 .elementor-wrapper{--video-aspect-ratio:1.77777;}.elementor-3340 .elementor-element.elementor-element-68601a4 .elementor-wrapper{--video-aspect-ratio:1.77777;}<\/style>\t\t<div data-elementor-type=\"wp-page\" data-elementor-id=\"3340\" class=\"elementor elementor-3340\">\n\t\t\t\t\t\t<section class=\"elementor-section elementor-top-section elementor-element elementor-element-2ad335c elementor-section-boxed elementor-section-height-default elementor-section-height-default\" data-id=\"2ad335c\" data-element_type=\"section\" data-e-type=\"section\">\n\t\t\t\t\t\t<div class=\"elementor-container elementor-column-gap-default\">\n\t\t\t\t\t<div class=\"elementor-column elementor-col-50 elementor-top-column elementor-element elementor-element-fca2547\" data-id=\"fca2547\" data-element_type=\"column\" data-e-type=\"column\">\n\t\t\t<div class=\"elementor-widget-wrap elementor-element-populated\">\n\t\t\t\t\t\t<div class=\"elementor-element elementor-element-5167fe9 elementor-widget elementor-widget-image\" data-id=\"5167fe9\" data-element_type=\"widget\" data-e-type=\"widget\" data-widget_type=\"image.default\">\n\t\t\t\t<div class=\"elementor-widget-container\">\n\t\t\t\t\t\t\t\t\t\t\t\t\t\t\t<img decoding=\"async\" src=\"https:\/\/i0.wp.com\/wetune.art\/wp-content\/uploads\/2025\/09\/PHOTO-SHEGALL.jpg?fit=1024%2C1024&amp;ssl=1\" class=\"attachment-large size-large wp-image-3354\" alt=\"\" \/>\t\t\t\t\t\t\t\t\t\t\t\t\t\t\t<\/div>\n\t\t\t\t<\/div>\n\t\t\t\t\t<\/div>\n\t\t<\/div>\n\t\t\t\t<div class=\"elementor-column elementor-col-50 elementor-top-column elementor-element elementor-element-a250159\" data-id=\"a250159\" data-element_type=\"column\" data-e-type=\"column\">\n\t\t\t<div class=\"elementor-widget-wrap elementor-element-populated\">\n\t\t\t\t\t\t<div class=\"elementor-element elementor-element-41c39b8 elementor-widget elementor-widget-video\" data-id=\"41c39b8\" data-element_type=\"widget\" data-e-type=\"widget\" data-settings=\"{&quot;youtube_url&quot;:&quot;https:\\\/\\\/www.youtube.com\\\/watch?v=hJTWzqysAdI&amp;list=RDhJTWzqysAdI&amp;start_radio=1&quot;,&quot;video_type&quot;:&quot;youtube&quot;,&quot;controls&quot;:&quot;yes&quot;}\" data-widget_type=\"video.default\">\n\t\t\t\t<div class=\"elementor-widget-container\">\n\t\t\t\t\t\t\t<div class=\"elementor-wrapper elementor-open-inline\">\n\t\t\t<div class=\"elementor-video\"><\/div>\t\t<\/div>\n\t\t\t\t\t\t<\/div>\n\t\t\t\t<\/div>\n\t\t\t\t\t<\/div>\n\t\t<\/div>\n\t\t\t\t\t<\/div>\n\t\t<\/section>\n\t\t\t\t<section class=\"elementor-section elementor-top-section elementor-element elementor-element-f0610ea elementor-section-boxed elementor-section-height-default elementor-section-height-default\" data-id=\"f0610ea\" data-element_type=\"section\" data-e-type=\"section\">\n\t\t\t\t\t\t<div class=\"elementor-container elementor-column-gap-default\">\n\t\t\t\t\t<div class=\"elementor-column elementor-col-100 elementor-top-column elementor-element elementor-element-09d4a52\" data-id=\"09d4a52\" data-element_type=\"column\" data-e-type=\"column\">\n\t\t\t<div class=\"elementor-widget-wrap elementor-element-populated\">\n\t\t\t\t\t\t<div class=\"elementor-element elementor-element-5356cfa elementor-widget elementor-widget-text-editor\" data-id=\"5356cfa\" data-element_type=\"widget\" data-e-type=\"widget\" data-widget_type=\"text-editor.default\">\n\t\t\t\t<div class=\"elementor-widget-container\">\n\t\t\t\t\t\t\t\t\t<p>La Shegall \u00e8 un progetto musicale nato nel 2022 dal vibrante melting-pot culturale di Roma. Il gruppo si distingue per la fusione unica di makossa, soul, afrobeat, afro-rumba, latin jazz e musica elettronica e un suono che, andando oltre i confini dei generi tradizionali, offre una prospettiva globale e innovativa sulla musica contemporanea.<\/p><p>Questa tessitura di suoni e influenze trae ispirazione dalle ricche tradizioni musicali del continente africano e del Sud America, che costituiscono la spina dorsale del progetto.<\/p><p>Questi elementi tradizionali sono integrati armoniosamente con armonie sofisticate ed elementi elettronici, creando un&#8217;esperienza d&#8217;ascolto dinamica e coinvolgente.<\/p><p>\u00a0<\/p><p>Ngondemcha (Terre Sacr\u00e9e) \u00e8 il primo passo di un progetto che mira ad essere un ponte tra le culture, un&#8217;arma di costruzione di massa attraverso la musica. Il titolo dell&#8217;album evoca uno spazio fisico e ideale di scambio vivace e una rivoluzione culturale, in cui si fondono identit\u00e0, originalit\u00e0, autenticit\u00e0, condivisione, rispetto, gioia, amore e umorismo.<\/p><p>L&#8217;album, cantato in pidjin, lingala, francese, inglese e altre lingue africane, comprende otto brani. Tre sono gi\u00e0 disponibili sulle piattaforme di streaming. Il singolo inaugurale, &#8220;<a href=\"https:\/\/www.youtube.com\/watch?v=HZZHAmG-75E&amp;list=RDHZZHAmG-75E&amp;start_radio=1\">M\u00e9tro Boulot P\u00e9cho<\/a>&#8220;, inno alla donna e alla femminilit\u00e0, fonde afro-rumba ed electro. Il secondo titolo, <a href=\"https:\/\/www.youtube.com\/watch?v=eSLz75rgkrQ&amp;list=RDeSLz75rgkrQ&amp;start_radio=1\">Mbongo Tchoby<\/a>, combina hip-hop lo-fi e soul, innestati sull&#8217;essenza afro del gruppo.<\/p><p>\u00a0<\/p>\t\t\t\t\t\t\t\t<\/div>\n\t\t\t\t<\/div>\n\t\t\t\t\t<\/div>\n\t\t<\/div>\n\t\t\t\t\t<\/div>\n\t\t<\/section>\n\t\t\t\t<section class=\"elementor-section elementor-top-section elementor-element elementor-element-2525579 elementor-section-boxed elementor-section-height-default elementor-section-height-default\" data-id=\"2525579\" data-element_type=\"section\" data-e-type=\"section\">\n\t\t\t\t\t\t<div class=\"elementor-container elementor-column-gap-default\">\n\t\t\t\t\t<div class=\"elementor-column elementor-col-100 elementor-top-column elementor-element elementor-element-633f5a1\" data-id=\"633f5a1\" data-element_type=\"column\" data-e-type=\"column\">\n\t\t\t<div class=\"elementor-widget-wrap elementor-element-populated\">\n\t\t\t\t\t\t<div class=\"elementor-element elementor-element-68601a4 elementor-widget elementor-widget-video\" data-id=\"68601a4\" data-element_type=\"widget\" data-e-type=\"widget\" data-settings=\"{&quot;youtube_url&quot;:&quot;https:\\\/\\\/www.youtube.com\\\/watch?v=3xZVxfSqEdo&amp;list=RD3xZVxfSqEdo&amp;start_radio=1&quot;,&quot;video_type&quot;:&quot;youtube&quot;,&quot;controls&quot;:&quot;yes&quot;}\" data-widget_type=\"video.default\">\n\t\t\t\t<div class=\"elementor-widget-container\">\n\t\t\t\t\t\t\t<div class=\"elementor-wrapper elementor-open-inline\">\n\t\t\t<div class=\"elementor-video\"><\/div>\t\t<\/div>\n\t\t\t\t\t\t<\/div>\n\t\t\t\t<\/div>\n\t\t\t\t\t<\/div>\n\t\t<\/div>\n\t\t\t\t\t<\/div>\n\t\t<\/section>\n\t\t\t\t<section class=\"elementor-section elementor-top-section elementor-element elementor-element-325d084 elementor-section-boxed elementor-section-height-default elementor-section-height-default\" data-id=\"325d084\" data-element_type=\"section\" data-e-type=\"section\">\n\t\t\t\t\t\t<div class=\"elementor-container elementor-column-gap-default\">\n\t\t\t\t\t<div class=\"elementor-column elementor-col-100 elementor-top-column elementor-element elementor-element-766a4a2\" data-id=\"766a4a2\" data-element_type=\"column\" data-e-type=\"column\">\n\t\t\t<div class=\"elementor-widget-wrap elementor-element-populated\">\n\t\t\t\t\t\t<div class=\"elementor-element elementor-element-7471feb elementor-align-center elementor-widget elementor-widget-button\" data-id=\"7471feb\" data-element_type=\"widget\" data-e-type=\"widget\" data-widget_type=\"button.default\">\n\t\t\t\t<div class=\"elementor-widget-container\">\n\t\t\t\t\t\t\t\t\t<div class=\"elementor-button-wrapper\">\n\t\t\t\t\t<a class=\"elementor-button elementor-button-link elementor-size-sm\" href=\"mailto:%20afif.benfekih@wetune.art\">\n\t\t\t\t\t\t<span class=\"elementor-button-content-wrapper\">\n\t\t\t\t\t\t\t\t\t<span class=\"elementor-button-text\">Book now<\/span>\n\t\t\t\t\t<\/span>\n\t\t\t\t\t<\/a>\n\t\t\t\t<\/div>\n\t\t\t\t\t\t\t\t<\/div>\n\t\t\t\t<\/div>\n\t\t\t\t\t<\/div>\n\t\t<\/div>\n\t\t\t\t\t<\/div>\n\t\t<\/section>\n\t\t\t\t<section class=\"elementor-section elementor-top-section elementor-element elementor-element-ae1f0ed elementor-section-boxed elementor-section-height-default elementor-section-height-default\" data-id=\"ae1f0ed\" data-element_type=\"section\" data-e-type=\"section\">\n\t\t\t\t\t\t<div class=\"elementor-container elementor-column-gap-default\">\n\t\t\t\t\t<div class=\"elementor-column elementor-col-100 elementor-top-column elementor-element elementor-element-9ff06f6\" data-id=\"9ff06f6\" data-element_type=\"column\" data-e-type=\"column\">\n\t\t\t<div class=\"elementor-widget-wrap\">\n\t\t\t\t\t\t\t<\/div>\n\t\t<\/div>\n\t\t\t\t\t<\/div>\n\t\t<\/section>\n\t\t\t\t<\/div>","protected":false},"excerpt":{"rendered":"<p>https:\/\/www.youtube.com\/watch?v=hJTWzqysAdI&#038;list=RDhJTWzqysAdI&#038;start_radio=1 La Shegall \u00e8 un progetto musicale nato nel 2022 dal vibrante melting-pot culturale di Roma. Il gruppo si distingue per la fusione unica di makossa, soul, afrobeat, afro-rumba, latin jazz e musica elettronica e un suono che, andando oltre i confini dei generi tradizionali, offre una prospettiva globale e innovativa sulla musica contemporanea. Questa [&hellip;]<\/p>\n","protected":false},"author":1,"featured_media":0,"parent":0,"menu_order":0,"comment_status":"closed","ping_status":"closed","template":"","meta":{"footnotes":""},"class_list":["post-3340","page","type-page","status-publish","hentry"],"yoast_head":"<!-- This site is optimized with the Yoast SEO plugin v26.9 - https:\/\/yoast.com\/product\/yoast-seo-wordpress\/ -->\n<title>Le Shegall - Wetune<\/title>\n<meta name=\"robots\" content=\"index, follow, max-snippet:-1, max-image-preview:large, max-video-preview:-1\" \/>\n<link rel=\"canonical\" href=\"https:\/\/wetune.art\/en\/le-shegall\/\" \/>\n<meta property=\"og:locale\" content=\"en_GB\" \/>\n<meta property=\"og:type\" content=\"article\" \/>\n<meta property=\"og:title\" content=\"Le Shegall - Wetune\" \/>\n<meta property=\"og:description\" content=\"https:\/\/www.youtube.com\/watch?v=hJTWzqysAdI&#038;list=RDhJTWzqysAdI&#038;start_radio=1 La Shegall \u00e8 un progetto musicale nato nel 2022 dal vibrante melting-pot culturale di Roma. Il gruppo si distingue per la fusione unica di makossa, soul, afrobeat, afro-rumba, latin jazz e musica elettronica e un suono che, andando oltre i confini dei generi tradizionali, offre una prospettiva globale e innovativa sulla musica contemporanea. Questa [&hellip;]\" \/>\n<meta property=\"og:url\" content=\"https:\/\/wetune.art\/en\/le-shegall\/\" \/>\n<meta property=\"og:site_name\" content=\"Wetune\" \/>\n<meta property=\"article:publisher\" content=\"https:\/\/www.facebook.com\/WeTuneAudioProduction\" \/>\n<meta property=\"article:modified_time\" content=\"2025-09-05T10:24:14+00:00\" \/>\n<meta property=\"og:image\" content=\"https:\/\/wetune.art\/wp-content\/uploads\/2025\/09\/PHOTO-SHEGALL.jpg\" \/>\n<meta name=\"twitter:card\" content=\"summary_large_image\" \/>\n<meta name=\"twitter:label1\" content=\"Estimated reading time\" \/>\n\t<meta name=\"twitter:data1\" content=\"2 minutes\" \/>\n<script type=\"application\/ld+json\" class=\"yoast-schema-graph\">{\"@context\":\"https:\/\/schema.org\",\"@graph\":[{\"@type\":\"WebPage\",\"@id\":\"https:\/\/wetune.art\/le-shegall\/\",\"url\":\"https:\/\/wetune.art\/le-shegall\/\",\"name\":\"Le Shegall - Wetune\",\"isPartOf\":{\"@id\":\"https:\/\/wetune.art\/#website\"},\"primaryImageOfPage\":{\"@id\":\"https:\/\/wetune.art\/le-shegall\/#primaryimage\"},\"image\":{\"@id\":\"https:\/\/wetune.art\/le-shegall\/#primaryimage\"},\"thumbnailUrl\":\"https:\/\/wetune.art\/wp-content\/uploads\/2025\/09\/PHOTO-SHEGALL.jpg\",\"datePublished\":\"2025-09-05T10:03:59+00:00\",\"dateModified\":\"2025-09-05T10:24:14+00:00\",\"breadcrumb\":{\"@id\":\"https:\/\/wetune.art\/le-shegall\/#breadcrumb\"},\"inLanguage\":\"en-GB\",\"potentialAction\":[{\"@type\":\"ReadAction\",\"target\":[\"https:\/\/wetune.art\/le-shegall\/\"]}]},{\"@type\":\"ImageObject\",\"inLanguage\":\"en-GB\",\"@id\":\"https:\/\/wetune.art\/le-shegall\/#primaryimage\",\"url\":\"https:\/\/wetune.art\/wp-content\/uploads\/2025\/09\/PHOTO-SHEGALL.jpg\",\"contentUrl\":\"https:\/\/wetune.art\/wp-content\/uploads\/2025\/09\/PHOTO-SHEGALL.jpg\"},{\"@type\":\"BreadcrumbList\",\"@id\":\"https:\/\/wetune.art\/le-shegall\/#breadcrumb\",\"itemListElement\":[{\"@type\":\"ListItem\",\"position\":1,\"name\":\"Home\",\"item\":\"https:\/\/wetune.art\/\"},{\"@type\":\"ListItem\",\"position\":2,\"name\":\"Le Shegall\"}]},{\"@type\":\"WebSite\",\"@id\":\"https:\/\/wetune.art\/#website\",\"url\":\"https:\/\/wetune.art\/\",\"name\":\"Wetune\",\"description\":\"Audio Production\",\"publisher\":{\"@id\":\"https:\/\/wetune.art\/#organization\"},\"potentialAction\":[{\"@type\":\"SearchAction\",\"target\":{\"@type\":\"EntryPoint\",\"urlTemplate\":\"https:\/\/wetune.art\/?s={search_term_string}\"},\"query-input\":{\"@type\":\"PropertyValueSpecification\",\"valueRequired\":true,\"valueName\":\"search_term_string\"}}],\"inLanguage\":\"en-GB\"},{\"@type\":\"Organization\",\"@id\":\"https:\/\/wetune.art\/#organization\",\"name\":\"Wetune\",\"url\":\"https:\/\/wetune.art\/\",\"logo\":{\"@type\":\"ImageObject\",\"inLanguage\":\"en-GB\",\"@id\":\"https:\/\/wetune.art\/#\/schema\/logo\/image\/\",\"url\":\"https:\/\/wetune.art\/wp-content\/uploads\/2024\/07\/cropped-WeTune-1-768x768-1.ico\",\"contentUrl\":\"https:\/\/wetune.art\/wp-content\/uploads\/2024\/07\/cropped-WeTune-1-768x768-1.ico\",\"width\":256,\"height\":256,\"caption\":\"Wetune\"},\"image\":{\"@id\":\"https:\/\/wetune.art\/#\/schema\/logo\/image\/\"},\"sameAs\":[\"https:\/\/www.facebook.com\/WeTuneAudioProduction\",\"https:\/\/www.instagram.com\/wetune_music\/\"]}]}<\/script>\n<!-- \/ Yoast SEO plugin. -->","yoast_head_json":{"title":"Le Shegall - Wetune","robots":{"index":"index","follow":"follow","max-snippet":"max-snippet:-1","max-image-preview":"max-image-preview:large","max-video-preview":"max-video-preview:-1"},"canonical":"https:\/\/wetune.art\/en\/le-shegall\/","og_locale":"en_GB","og_type":"article","og_title":"Le Shegall - Wetune","og_description":"https:\/\/www.youtube.com\/watch?v=hJTWzqysAdI&#038;list=RDhJTWzqysAdI&#038;start_radio=1 La Shegall \u00e8 un progetto musicale nato nel 2022 dal vibrante melting-pot culturale di Roma. Il gruppo si distingue per la fusione unica di makossa, soul, afrobeat, afro-rumba, latin jazz e musica elettronica e un suono che, andando oltre i confini dei generi tradizionali, offre una prospettiva globale e innovativa sulla musica contemporanea. Questa [&hellip;]","og_url":"https:\/\/wetune.art\/en\/le-shegall\/","og_site_name":"Wetune","article_publisher":"https:\/\/www.facebook.com\/WeTuneAudioProduction","article_modified_time":"2025-09-05T10:24:14+00:00","og_image":[{"url":"https:\/\/wetune.art\/wp-content\/uploads\/2025\/09\/PHOTO-SHEGALL.jpg","type":"","width":"","height":""}],"twitter_card":"summary_large_image","twitter_misc":{"Estimated reading time":"2 minutes"},"schema":{"@context":"https:\/\/schema.org","@graph":[{"@type":"WebPage","@id":"https:\/\/wetune.art\/le-shegall\/","url":"https:\/\/wetune.art\/le-shegall\/","name":"Le Shegall - Wetune","isPartOf":{"@id":"https:\/\/wetune.art\/#website"},"primaryImageOfPage":{"@id":"https:\/\/wetune.art\/le-shegall\/#primaryimage"},"image":{"@id":"https:\/\/wetune.art\/le-shegall\/#primaryimage"},"thumbnailUrl":"https:\/\/wetune.art\/wp-content\/uploads\/2025\/09\/PHOTO-SHEGALL.jpg","datePublished":"2025-09-05T10:03:59+00:00","dateModified":"2025-09-05T10:24:14+00:00","breadcrumb":{"@id":"https:\/\/wetune.art\/le-shegall\/#breadcrumb"},"inLanguage":"en-GB","potentialAction":[{"@type":"ReadAction","target":["https:\/\/wetune.art\/le-shegall\/"]}]},{"@type":"ImageObject","inLanguage":"en-GB","@id":"https:\/\/wetune.art\/le-shegall\/#primaryimage","url":"https:\/\/wetune.art\/wp-content\/uploads\/2025\/09\/PHOTO-SHEGALL.jpg","contentUrl":"https:\/\/wetune.art\/wp-content\/uploads\/2025\/09\/PHOTO-SHEGALL.jpg"},{"@type":"BreadcrumbList","@id":"https:\/\/wetune.art\/le-shegall\/#breadcrumb","itemListElement":[{"@type":"ListItem","position":1,"name":"Home","item":"https:\/\/wetune.art\/"},{"@type":"ListItem","position":2,"name":"Le Shegall"}]},{"@type":"WebSite","@id":"https:\/\/wetune.art\/#website","url":"https:\/\/wetune.art\/","name":"WeTune","description":"Audio Production","publisher":{"@id":"https:\/\/wetune.art\/#organization"},"potentialAction":[{"@type":"SearchAction","target":{"@type":"EntryPoint","urlTemplate":"https:\/\/wetune.art\/?s={search_term_string}"},"query-input":{"@type":"PropertyValueSpecification","valueRequired":true,"valueName":"search_term_string"}}],"inLanguage":"en-GB"},{"@type":"Organization","@id":"https:\/\/wetune.art\/#organization","name":"WeTune","url":"https:\/\/wetune.art\/","logo":{"@type":"ImageObject","inLanguage":"en-GB","@id":"https:\/\/wetune.art\/#\/schema\/logo\/image\/","url":"https:\/\/wetune.art\/wp-content\/uploads\/2024\/07\/cropped-WeTune-1-768x768-1.ico","contentUrl":"https:\/\/wetune.art\/wp-content\/uploads\/2024\/07\/cropped-WeTune-1-768x768-1.ico","width":256,"height":256,"caption":"Wetune"},"image":{"@id":"https:\/\/wetune.art\/#\/schema\/logo\/image\/"},"sameAs":["https:\/\/www.facebook.com\/WeTuneAudioProduction","https:\/\/www.instagram.com\/wetune_music\/"]}]}},"_links":{"self":[{"href":"https:\/\/wetune.art\/en\/wp-json\/wp\/v2\/pages\/3340","targetHints":{"allow":["GET"]}}],"collection":[{"href":"https:\/\/wetune.art\/en\/wp-json\/wp\/v2\/pages"}],"about":[{"href":"https:\/\/wetune.art\/en\/wp-json\/wp\/v2\/types\/page"}],"author":[{"embeddable":true,"href":"https:\/\/wetune.art\/en\/wp-json\/wp\/v2\/users\/1"}],"replies":[{"embeddable":true,"href":"https:\/\/wetune.art\/en\/wp-json\/wp\/v2\/comments?post=3340"}],"version-history":[{"count":30,"href":"https:\/\/wetune.art\/en\/wp-json\/wp\/v2\/pages\/3340\/revisions"}],"predecessor-version":[{"id":3400,"href":"https:\/\/wetune.art\/en\/wp-json\/wp\/v2\/pages\/3340\/revisions\/3400"}],"wp:attachment":[{"href":"https:\/\/wetune.art\/en\/wp-json\/wp\/v2\/media?parent=3340"}],"curies":[{"name":"wp","href":"https:\/\/api.w.org\/{rel}","templated":true}]}}